{"id":775,"date":"2020-02-27T10:59:10","date_gmt":"2020-02-27T09:59:10","guid":{"rendered":"https:\/\/amelie-landau.de\/agb\/"},"modified":"2026-01-20T14:28:55","modified_gmt":"2026-01-20T13:28:55","slug":"agb-2","status":"publish","type":"page","link":"https:\/\/amelie-landau.de\/en\/agb-2\/","title":{"rendered":"AGB"},"content":{"rendered":"\n<h5 class=\"wp-block-heading\"><br>ALLGEMEINE GESCH\u00c4FTSBEDINGUNGEN (AGB)&nbsp;<br>DER Erste Hotelwerkstatt Betriebsgesellschaft mbH<\/h5>\n\n\n\n<div class=\"wp-block-group\"><div class=\"wp-block-group__inner-container is-layout-flow wp-block-group-is-layout-flow\">\n<center><p>Stand Januar 2026<br><\/p><\/center>\n<\/div><\/div>\n\n\n\n<center><p>GELTUNGSBEREICH<\/p><\/center>\n\n\n\n<p>1. \tDiese Gesch\u00e4ftsbedingungen gelten f\u00fcr Vertr\u00e4ge \u00fcber die mietweise \u00dcberlassung von Hotelzimmern \tzur Beherbergung, sowie alle f\u00fcr den Kunden erbrachten weiteren Leistungen und Lieferungen des \tHotels.&nbsp;<\/p>\n\n\n\n<p>2. \tDie Unter- oder Weitervermietung der \u00fcberlassenen Zimmer sowie deren Nutzung zu anderen als \tBeherbergungszwecken bed\u00fcrfen der vorherigen schriftlichen Zustimmung des Hotels, wobei \u00a7 540 \tAbs. 1 Satz 2 BGB abgedungen wird, soweit der Kunde nicht Verbraucher ist.&nbsp;<\/p>\n\n\n\n<p>3. \tGesch\u00e4ftsbedingungen des Kunden finden nur Anwendung, wenn dies vorher ausdr\u00fccklich schriftlich \tvereinbart wurde. &nbsp;<\/p>\n\n\n\n<p class=\"has-text-align-center\">I. Erreichbarkeit (telefonisch &amp; vor Ort) &amp; \u00d6ffnungszeiten Rezeption:<\/p>\n\n\n\n<p><br>Montag \u2013 Freitag: Check-Out 7 \u2013 11 Uhr \/ Check-In 15 \u2013 18 Uhr<br>Samstag, Sonntag &amp; Feiertags: Check-Out 8 \u2013 11 Uhr \/ Check-In 15 \u2013 18 Uhr<\/p>\n\n\n\n<p>Bei Ankunft nach 18 Uhr: bitte Rezeption bis 17 Uhr kontaktieren<\/p>\n\n\n\n<p class=\"has-text-align-center\"><br>II. VERTRAGSABSCHLUSS, -PARTNER; VERJ\u00c4HRUNG&nbsp;<\/p>\n\n\n\n<p>1. \tDer Vertrag kommt durch die Annahme des Antrags des Kunden durch das Hotel zustande. Dem Hotel \tsteht es frei, die Zimmerbuchung schriftlich zu best\u00e4tigen.&nbsp;<\/p>\n\n\n\n<p>2. \tVertragspartner sind das Hotel und der Kunde. Hat ein Dritter f\u00fcr den Kunden bestellt, haftet er dem \tHotel gegen\u00fcber zusammen mit dem Kunden als Gesamtschuldner f\u00fcr alle Verpflichtungen aus dem \tHotelaufnahmevertrag, sofern dem Hotel eine entsprechende Erkl\u00e4rung des Dritten vorliegt.&nbsp;<\/p>\n\n\n\n<p>3. \tDie regelm\u00e4\u00dfige Verj\u00e4hrungsfrist f\u00fcr Anspr\u00fcche gegen das Hotel betr\u00e4gt ein Jahr und beginnt nach \tMa\u00dfgabe des \u00a7 199 Abs. 1 BGB, soweit nicht ein anderer Verj\u00e4hrungsbeginn bestimmt ist, mit dem \tSchluss des Jahres, in dem der Anspruch entstanden ist und der Kunde von den den Anspruch \tbegr\u00fcndenden Umst\u00e4nden Kenntnis erlangt oder ohne grobe Fahrl\u00e4ssigkeit erlangen m\u00fcsste. \tSchadensersatzanspr\u00fcche verj\u00e4hren ohne R\u00fccksicht auf die Kenntnis oder grob fahrl\u00e4ssige Unkenntnis in \tf\u00fcnf Jahren von ihrer Entstehung an, soweit die Verj\u00e4hrung gem\u00e4\u00df vorstehender Bestimmung nicht \tbereits zu einem fr\u00fcheren Zeitpunkt eintritt. Die vorstehenden Verk\u00fcrzungen der Verj\u00e4hrungsfrist gelten \tnicht f\u00fcr Schadenersatzanspr\u00fcche des Kunden aufgrund einer Verletzung des Lebens, des K\u00f6rpers oder \tder Gesundheit sowie f\u00fcr Schadenersatzanspr\u00fcche aufgrund einer Verletzung von vertragstypischen \tPflichten des Hotels. Die vorstehende Verk\u00fcrzung der Verj\u00e4hrungsfrist gilt ebenfalls nicht f\u00fcr \tSchadenersatzanspr\u00fcche, die auf einer vors\u00e4tzlichen oder grob fahrl\u00e4ssigen Pflichtverletzung des \tHotels beruhen. Einer Pflichtverletzung des Hotels stehen die eines gesetzlichen Vertreters oder \tErf\u00fcllungsgehilfen gleich. &nbsp;<\/p>\n\n\n\n<p class=\"has-text-align-center\"><br>III. LEISTUNGEN, PREISE, ZAHLUNG, AUFRECHNUNG&nbsp;<\/p>\n\n\n\n<p>1. \tDas Hotel ist verpflichtet, die vom Kunden gebuchten Zimmer bereitzuhalten und die vereinbarten \tLeistungen zu erbringen.&nbsp;<\/p>\n\n\n\n<p>2. \tDer Kunde ist verpflichtet, die f\u00fcr die Zimmer\u00fcberlassung und die von ihm in Anspruch genommenen \tweiteren Leistungen geltenden bzw. vereinbarten Preise des Hotels zu zahlen. Dies gilt auch f\u00fcr vom \tKunden veranlasste Leistungen und Auslagen des Hotels an Dritte.&nbsp;<\/p>\n\n\n\n<p>3. \tDie vereinbarten Preise schlie\u00dfen die jeweilige gesetzliche Mehrwertsteuer ein. \u00dcberschreitet der \tZeitraum zwischen Vertragsabschluss und Vertragserf\u00fcllung vier Monate und erh\u00f6ht sich der vom Hotel \tallgemein f\u00fcr derartige Leistungen berechnete Preis, so kann dieses den vertraglich vereinbarten Preis \tangemessen, h\u00f6chstens jedoch um 5% anheben.&nbsp;<\/p>\n\n\n\n<p>4. \tDie Preise k\u00f6nnen vom Hotel ferner ge\u00e4ndert werden, wenn der Kunde nachtr\u00e4glich \u00c4nderungen der \tAnzahl der gebuchten Zimmer, der Leistung des Hotels oder der Aufenthaltsdauer der G\u00e4ste w\u00fcnscht \tund das Hotel dem zustimmt.<\/p>\n\n\n\n<p>5. \tRechnungen des Hotels ohne F\u00e4lligkeitsdatum sind binnen 10 Tagen ab Zugang der Rechnung ohne \tAbzug zahlbar. Das Hotel ist berechtigt, aufgelaufene Forderungen jederzeit f\u00e4llig zu stellen und \tunverz\u00fcgliche Zahlung zu verlangen. Bei Zahlungsverzug ist das Hotel berechtigt, die jeweils geltenden \tgesetzlichen Verzugszinsen in H\u00f6he von derzeit 8% bzw. bei Rechtsgesch\u00e4ften, an denen ein \tVerbraucher beteiligt ist, in H\u00f6he von 5% \u00fcber dem Basiszinssatz zu verlangen. Dem Hotel bleibt der \tNachweis eines h\u00f6heren Schadensvorbehalten.<\/p>\n\n\n\n<p>6. \tDas Hotel ist berechtigt, bei Vertragsschluss oder danach, unter Ber\u00fccksichtigung der rechtlichen \tBestimmungen f\u00fcr Pauschalreisen, eine angemessene Vorauszahlung oder Sicherheitsleistung zu \tverlangen. Die H\u00f6he der Vorauszahlung und die Zahlungstermine k\u00f6nnen im Vertrag schriftlich \tvereinbart werden.<\/p>\n\n\n\n<p>7. \tDer Kunde kann nur mit einer unstreitigen oder rechtskr\u00e4ftigen Forderung gegen\u00fcber einer Forderung \tdes Hotels aufrechnen oder mindern.<\/p>\n\n\n\n<p class=\"has-text-align-center\"><br>IV. R\u00dcCKTRITT DES KUNDEN (I. E. ABBESTELLUNG, STORNIERUNG) \/ NICHTINANSPRUCHNAHME DER LEISTUNGEN DES HOTELS<\/p>\n\n\n\n<p>1. \tEin R\u00fccktritt des Kunden von dem mit dem Hotel geschlossenen Vertrag bedarf der schriftlichen \tZustimmung des Hotels. Erfolgt diese nicht, so ist der vereinbarte Preis aus dem Vertrag auch dann zu \tzahlen, wenn der Kunde vertragliche Leistungen nicht in Anspruch nimmt. Dies gilt nicht bei Verletzung \tder Verpflichtung des Hotels zur R\u00fccksichtnahme auf Rechte, Rechtsg\u00fcter und Interessen des Kunden, \twenn diesem dadurch ein Festhalten am Vertrag nicht mehr zuzumuten ist oder ein sonstiges \tgesetzliches oder vertragliches R\u00fccktrittsrecht zusteht.&nbsp;<\/p>\n\n\n\n<p>2. \tSofern zwischen dem Hotel und dem Kunden ein Termin zum kostenfreien R\u00fccktritt vom Vertrag \tschriftlich vereinbart wurde, kann der Kunde bis dahin vom Vertrag zur\u00fccktreten, ohne Zahlungs- oder \tSchadensersatzanspr\u00fcche des Hotels auszul\u00f6sen. Das R\u00fccktrittsrecht des Kunden erlischt, wenn er nicht \tbis zum vereinbarten Termin sein Recht zum R\u00fccktritt schriftlich gegen\u00fcber dem Hotel aus\u00fcbt, sofern \tnicht ein Fall des R\u00fccktritts des Kunden gem\u00e4\u00df Nummer 1 Satz 3 vorliegt.&nbsp;<\/p>\n\n\n\n<p>3.\tBei vom Kunden nicht in Anspruch genommenen Zimmern hat das Hotel die Einnahmen aus \tanderweitiger Vermietung der Zimmer sowie die eingesparten Aufwendungen anzurechnen.&nbsp;<\/p>\n\n\n\n<p>4. \tDem Hotel steht es frei, die vertraglich vereinbarte Verg\u00fctung zu verlangen und den Abzug f\u00fcr \tersparte Aufwendungen zu pauschalieren. &nbsp;<\/p>\n\n\n\n<p>5. \tStornobedingungen bei Buchung von einem oder mehrerer Zimmer \u00fcber die hoteleigene Website, per \tTelefon, direkt vor Ort oder per E-Mail:&nbsp; Kostenfrei stornierbar bis 18.00 Uhr am Anreisetag. Bei \tStornierung nach 18.00 Uhr am Anreisetag oder bei Nichtanreise berechnen wir Stornogeb\u00fchren in \tH\u00f6he von 100% des \u00dcbernachtungspreises. Die Stornogeb\u00fchren beziehen sich auf den \t\u00dcbernachtungspreis \/ Zimmer ohne Fr\u00fchst\u00fcck. Gruppenreservierungen mit reduzierten Zimmerpreisen: \tBei definitiver Reservierung gelten aufgrund der reduzierten Preise folgende Stornofristen und &#8211;\tgeb\u00fchren: 0&nbsp; % Stornogeb\u00fchren bis 7 Tage vor Anreise 25% Stornogeb\u00fchren bis 5 Tage vor Anreise \t50% Stornogeb\u00fchren bis 1 Tag vor Anreise, danach 75%. Bei Buchungen \u00fcber Reiseveranstalter, \tOnline-Portale und bei individuellen Vertr\u00e4gen und Angeboten gelten die dort beschriebenen \tStornobedingungen. &nbsp;<\/p>\n\n\n\n<p class=\"has-text-align-center\"><br>V. R\u00dcCKTRITT DES HOTELS<\/p>\n\n\n\n<p>1. \tSofern ein kostenfreies R\u00fccktrittsrecht des Kunden innerhalb einer bestimmten Frist schriftlich vereinbart \twurde, ist das Hotel in diesem Zeitraum seinerseits berechtigt, vom Vertrag zur\u00fcckzutreten, wenn \tAnfragen anderer Kunden nach den vertraglich gebuchten Zimmern vorliegen und der Kunde auf \tR\u00fcckfrage des Hotels auf sein Recht zum R\u00fccktritt nicht verzichtet.&nbsp;<\/p>\n\n\n\n<p>2. \tWird eine vereinbarte oder oben gem\u00e4\u00df Klausel III Nr. 6 verlangte Vorauszahlung auch nach \tVerstreichen einer vom Hotel gesetzten angemessenen Nachfrist nicht geleistet, so ist das Hotel \tebenfalls zum R\u00fccktritt vom Vertrag berechtigt.&nbsp;<\/p>\n\n\n\n<p>3. \tFerner ist das Hotel berechtigt, aus sachlich gerechtfertigtem Grund vom Vertrag au\u00dferordentlich \tzur\u00fcckzutreten, beispielsweise falls h\u00f6here Gewalt oder andere vom Hotel nicht zu vertretende \tUmst\u00e4nde die Erf\u00fcllung des Vertrages unm\u00f6glich machen; Zimmer unter irref\u00fchrender oder falscher \tAngabe wesentlicher Tatsachen, z.B. in der Person des Kunden oder des Zwecks, gebucht werden; das \tHotel begr\u00fcndeten Anlass zu der Annahme hat, dass die Inanspruchnahme der Hotelleistung den \treibungslosen Gesch\u00e4ftsbetrieb, die Sicherheit oder das Ansehen des Hotels in der \u00d6ffentlichkeit \tgef\u00e4hrden kann, ohne dass dies dem Herrschafts- bzw. Organisationsbereich des Hotels zuzurechnen \tist. ein Versto\u00df gegen oben Klausel I Nr. 2 vorliegt.&nbsp;<\/p>\n\n\n\n<p>4. \tBei berechtigtem R\u00fccktritt des Hotels entsteht kein Anspruch des Kunden auf Schadensersatz. &nbsp;<\/p>\n\n\n\n<p class=\"has-text-align-center\"><br>VI. ZIMMERBEREITSTELLUNG, -\u00dcBERGABE UND -R\u00dcCKGABE<\/p>\n\n\n\n<p>1. \tDer Kunde erwirbt keinen Anspruch auf die Bereitstellung bestimmter Zimmer.&nbsp;<\/p>\n\n\n\n<p>2. Gebuchte Zimmer stehen dem Kunden ab 15.00 Uhr des vereinbarten Anreisetages zur Verf\u00fcgung.<\/p>\n\n\n\n<p>\tDer Kunde hat keinen Anspruch auf fr\u00fchere Bereitstellung.&nbsp;<\/p>\n\n\n\n<p>3. \tAm vereinbarten Abreisetag sind die Zimmer dem Hotel sp\u00e4testens um 11.00 Uhr ger\u00e4umt zur \tVerf\u00fcgung zu stellen. Danach kann das Hotel aufgrund der versp\u00e4teten R\u00e4umung des Zimmers f\u00fcr \tdessen vertrags\u00fcberschreitende Nutzung bis 18.00 Uhr 50% des vollen Logispreises (Listenpreises) in \tRechnung stellen, ab 18.00 Uhr 100%. Vertragliche Anspr\u00fcche des Kunden werden hierdurch nicht \tbegr\u00fcndet. Ihm steht es frei, nachzuweisen, dass dem Hotel kein oder ein wesentlich niedrigerer \tAnspruch auf Nutzungsentgelt entstanden ist. &nbsp;<\/p>\n\n\n\n<p class=\"has-text-align-center\"><br>VII. HAFTUNG DES HOTELS&nbsp;<\/p>\n\n\n\n<p>1. \tDas Hotel haftet mit der Sorgfalt eines ordentlichen Kaufmanns f\u00fcr seine Verpflichtungen aus dem \tVertrag. Anspr\u00fcche des Kunden auf Schadensersatz sind ausgeschlossen. Hiervon ausgenommen sind \tSch\u00e4den aus der Verletzung des Lebens, des K\u00f6rpers oder der Gesundheit, wenn das Hotel die \tPflichtverletzung zu vertreten hat, sonstige Sch\u00e4den, die auf einer vors\u00e4tzlichen oder grob fahrl\u00e4ssigen \tPflichtverletzung des Hotels beruhen und Sch\u00e4den, die auf einer vors\u00e4tzlichen oder fahrl\u00e4ssigen \tVerletzung von vertragstypischen Pflichten des Hotels beruhen. Einer Pflichtverletzung des Hotels steht \tdie eines gesetzlichen Vertreters oder Erf\u00fcllungsgehilfen gleich. Sollten St\u00f6rungen oder M\u00e4ngel an den \tLeistungen des Hotels auftreten, wird das Hotel bei Kenntnis oder auf unverz\u00fcgliche R\u00fcge des Kunden \tbem\u00fcht sein, f\u00fcr Abhilfe zu sorgen. Der Kunde ist verpflichtet, das ihm Zumutbare beizutragen, um die \tSt\u00f6rung zu beheben und einen m\u00f6glichen Schaden gering zu halten.&nbsp;<\/p>\n\n\n\n<p>2. \tF\u00fcr eingebrachte Sachen haftet das Hotel dem Kunden nach den gesetzlichen Bestimmungen, das ist \tbis zum Hundertfachen des Zimmerpreises, h\u00f6chstens <strong>\u20ac<\/strong> 3.500, sowie f\u00fcr Geld, Wertpapiere und \tKostbarkeiten bis zu <strong>\u20ac<\/strong> 800. Geld, Wertpapiere und Kostbarkeiten k\u00f6nnen bis zu einem H\u00f6chstwert \tvon <strong>\u20ac<\/strong> (Versicherungssumme des Hotels einsetzen) im Hotel- oder Zimmersafe aufbewahrt werden. Das \tHotel empfiehlt, von dieser M\u00f6glichkeit Gebrauch zu machen. Die Haftungsanspr\u00fcche erl\u00f6schen, wenn \tnicht der Kunde nach Erlangen der Kenntnis von Verlust, Zerst\u00f6rung oder Besch\u00e4digung unverz\u00fcglich \tdem Hotel Anzeige macht (\u00a7 703 BGB). F\u00fcr eine weitergehende Haftung des Hotels gelten \tvorstehende Nummer 1 S\u00e4tze 2 bis 4 entsprechend.&nbsp;<\/p>\n\n\n\n<p>3. \tSoweit dem Kunden ein Stellplatz in der Hotelgarage oder auf einem Hotelparkplatz, auch gegen \tEntgelt, zur Verf\u00fcgung gestellt wird, kommt dadurch kein Verwahrungsvertrag zustande. Bei \tAbhandenkommen oder Besch\u00e4digung auf dem Hotelgrundst\u00fcck abgestellter oder rangierter \tKraftfahrzeuge und deren Inhalte haftet das Hotel nicht, au\u00dfer bei Vorsatz oder grober \tFahrl\u00e4ssigkeit. Vorstehende Nummer 1 S\u00e4tze 2 bis 4 gelten entsprechend.&nbsp;<\/p>\n\n\n\n<p>4. \tWeckauftr\u00e4ge werden vom Hotel mit gr\u00f6\u00dfter Sorgfalt ausgef\u00fchrt. Nachrichten, Post und \tWarensendungen f\u00fcr die G\u00e4ste werden mit Sorgfalt behandelt. Das Hotel \u00fcbernimmt die Zustellung, \tAufbewahrung und \u2013 auf Wunsch \u2013 gegen Entgelt die Nachsendung derselben. Vorstehende Nummer \t1 S\u00e4tze 2 bis 4 gelten entsprechend. &nbsp;<\/p>\n\n\n\n<p class=\"has-text-align-center\"><br>VIII. SCHLUSSBESTIMMUNGEN&nbsp;<\/p>\n\n\n\n<p>1. \t\u00c4nderungen oder Erg\u00e4nzungen des Vertrags, der Antragsannahme oder dieser Gesch\u00e4ftsbedingungen \tf\u00fcr die Hotelaufnahme sollen schriftlich erfolgen. Einseitige \u00c4nderungen oder Erg\u00e4nzungen durch den \tKunden sind unwirksam. 2. Erf\u00fcllungs- und Zahlungsort ist der Sitz des Hotels.&nbsp;<\/p>\n\n\n\n<p>3. \tAusschlie\u00dflicher Gerichtsstand \u2013 auch f\u00fcr Scheck- und Wechselstreitigkeiten \u2013 ist im kaufm\u00e4nnischen \tVerkehr der Sitz des Hotels. Sofern ein Vertragspartner die Voraussetzung des \u00a7 38 Abs. 2 ZPO \terf\u00fcllt und keinen allgemeinen Gerichtsstand im Inland hat, gilt als Gerichtsstand der Sitz des Hotels.&nbsp;<\/p>\n\n\n\n<p>4. \tEs gilt deutsches Recht. Die Anwendung des UN-Kaufrechts und des Kollisionsrechts ist ausgeschlossen.&nbsp;<\/p>\n\n\n\n<p>5. \tSollten einzelne Bestimmungen dieser Allgemeinen Gesch\u00e4ftsbedingungen f\u00fcr die Hotelaufnahme \tunwirksam oder nichtig sein oder werden, so wird dadurch die Wirksamkeit der \u00fcbrigen Bestimmungen \tnicht ber\u00fchrt. Im \u00dcbrigen gelten die gesetzlichen Vorschriften.<\/p>\n","protected":false},"excerpt":{"rendered":"<p>ALLGEMEINE GESCH\u00c4FTSBEDINGUNGEN (AGB)&nbsp;DER Erste Hotelwerkstatt Betriebsgesellschaft mbH Stand Januar 2026 GELTUNGSBEREICH 1. Diese Gesch\u00e4ftsbedingungen gelten f\u00fcr Vertr\u00e4ge \u00fcber die mietweise \u00dcberlassung von Hotelzimmern zur Beherbergung, sowie alle f\u00fcr den Kunden erbrachten weiteren Leistungen und Lieferungen des Hotels.&nbsp; 2. Die Unter- oder Weitervermietung der \u00fcberlassenen Zimmer sowie deren Nutzung zu anderen als Beherbergungszwecken bed\u00fcrfen der vorherigen [&hellip;]<\/p>\n","protected":false},"author":1,"featured_media":0,"parent":0,"menu_order":0,"comment_status":"closed","ping_status":"closed","template":"","meta":{"_acf_changed":false,"_monsterinsights_skip_tracking":false,"_monsterinsights_sitenote_active":false,"_monsterinsights_sitenote_note":"","_monsterinsights_sitenote_category":0,"_uf_show_specific_survey":0,"_uf_disable_surveys":false,"footnotes":""},"class_list":["post-775","page","type-page","status-publish","hentry"],"acf":[],"yoast_head":"<!-- This site is optimized with the Yoast SEO plugin v27.4 - https:\/\/yoast.com\/product\/yoast-seo-wordpress\/ -->\n<title>AGB - Hotel &amp; Appartements Amelie no1 Landau<\/title>\n<meta name=\"robots\" content=\"index, follow, max-snippet:-1, max-image-preview:large, max-video-preview:-1\" \/>\n<link rel=\"canonical\" href=\"https:\/\/amelie-landau.de\/en\/agb-2\/\" \/>\n<meta property=\"og:locale\" content=\"en_US\" \/>\n<meta property=\"og:type\" content=\"article\" \/>\n<meta property=\"og:title\" content=\"AGB - Hotel &amp; Appartements Amelie no1 Landau\" \/>\n<meta property=\"og:description\" content=\"ALLGEMEINE GESCH\u00c4FTSBEDINGUNGEN (AGB)&nbsp;DER Erste Hotelwerkstatt Betriebsgesellschaft mbH Stand Januar 2026 GELTUNGSBEREICH 1. Diese Gesch\u00e4ftsbedingungen gelten f\u00fcr Vertr\u00e4ge \u00fcber die mietweise \u00dcberlassung von Hotelzimmern zur Beherbergung, sowie alle f\u00fcr den Kunden erbrachten weiteren Leistungen und Lieferungen des Hotels.&nbsp; 2. Die Unter- oder Weitervermietung der \u00fcberlassenen Zimmer sowie deren Nutzung zu anderen als Beherbergungszwecken bed\u00fcrfen der vorherigen [&hellip;]\" \/>\n<meta property=\"og:url\" content=\"https:\/\/amelie-landau.de\/en\/agb-2\/\" \/>\n<meta property=\"og:site_name\" content=\"Hotel &amp; Appartements Amelie no1 Landau\" \/>\n<meta property=\"article:modified_time\" content=\"2026-01-20T13:28:55+00:00\" \/>\n<meta name=\"twitter:card\" content=\"summary_large_image\" \/>\n<meta name=\"twitter:label1\" content=\"Est. reading time\" \/>\n\t<meta name=\"twitter:data1\" content=\"10 minutes\" \/>\n<script type=\"application\/ld+json\" class=\"yoast-schema-graph\">{\"@context\":\"https:\\\/\\\/schema.org\",\"@graph\":[{\"@type\":\"WebPage\",\"@id\":\"https:\\\/\\\/amelie-landau.de\\\/en\\\/agb-2\\\/\",\"url\":\"https:\\\/\\\/amelie-landau.de\\\/en\\\/agb-2\\\/\",\"name\":\"AGB - Hotel &amp; Appartements Amelie no1 Landau\",\"isPartOf\":{\"@id\":\"https:\\\/\\\/amelie-landau.de\\\/en\\\/#website\"},\"datePublished\":\"2020-02-27T09:59:10+00:00\",\"dateModified\":\"2026-01-20T13:28:55+00:00\",\"breadcrumb\":{\"@id\":\"https:\\\/\\\/amelie-landau.de\\\/en\\\/agb-2\\\/#breadcrumb\"},\"inLanguage\":\"en-US\",\"potentialAction\":[{\"@type\":\"ReadAction\",\"target\":[\"https:\\\/\\\/amelie-landau.de\\\/en\\\/agb-2\\\/\"]}]},{\"@type\":\"BreadcrumbList\",\"@id\":\"https:\\\/\\\/amelie-landau.de\\\/en\\\/agb-2\\\/#breadcrumb\",\"itemListElement\":[{\"@type\":\"ListItem\",\"position\":1,\"name\":\"Startseite\",\"item\":\"https:\\\/\\\/amelie-landau.de\\\/en\\\/\"},{\"@type\":\"ListItem\",\"position\":2,\"name\":\"AGB\"}]},{\"@type\":\"WebSite\",\"@id\":\"https:\\\/\\\/amelie-landau.de\\\/en\\\/#website\",\"url\":\"https:\\\/\\\/amelie-landau.de\\\/en\\\/\",\"name\":\"Hotel &amp; Appartements Amelie no1 Landau\",\"description\":\"Willkommen bei Hotel &amp; Appartements Amelie Landau! Erleben Sie pf\u00e4lzische Gastfreundschaft in ruhiger und zentraler Lage, in einem historischen Geb\u00e4ude mit modernem Flair.\",\"publisher\":{\"@id\":\"https:\\\/\\\/amelie-landau.de\\\/en\\\/#organization\"},\"potentialAction\":[{\"@type\":\"SearchAction\",\"target\":{\"@type\":\"EntryPoint\",\"urlTemplate\":\"https:\\\/\\\/amelie-landau.de\\\/en\\\/?s={search_term_string}\"},\"query-input\":{\"@type\":\"PropertyValueSpecification\",\"valueRequired\":true,\"valueName\":\"search_term_string\"}}],\"inLanguage\":\"en-US\"},{\"@type\":\"Organization\",\"@id\":\"https:\\\/\\\/amelie-landau.de\\\/en\\\/#organization\",\"name\":\"Hotel &amp; Appartements Amelie no1 Landau\",\"url\":\"https:\\\/\\\/amelie-landau.de\\\/en\\\/\",\"logo\":{\"@type\":\"ImageObject\",\"inLanguage\":\"en-US\",\"@id\":\"https:\\\/\\\/amelie-landau.de\\\/en\\\/#\\\/schema\\\/logo\\\/image\\\/\",\"url\":\"https:\\\/\\\/amelie-landau.de\\\/wp-content\\\/uploads\\\/2020\\\/02\\\/cropped-Amelie_No1_Logo.png\",\"contentUrl\":\"https:\\\/\\\/amelie-landau.de\\\/wp-content\\\/uploads\\\/2020\\\/02\\\/cropped-Amelie_No1_Logo.png\",\"width\":800,\"height\":484,\"caption\":\"Hotel &amp; Appartements Amelie no1 Landau\"},\"image\":{\"@id\":\"https:\\\/\\\/amelie-landau.de\\\/en\\\/#\\\/schema\\\/logo\\\/image\\\/\"}}]}<\/script>\n<!-- \/ Yoast SEO plugin. -->","yoast_head_json":{"title":"AGB - Hotel &amp; Appartements Amelie no1 Landau","robots":{"index":"index","follow":"follow","max-snippet":"max-snippet:-1","max-image-preview":"max-image-preview:large","max-video-preview":"max-video-preview:-1"},"canonical":"https:\/\/amelie-landau.de\/en\/agb-2\/","og_locale":"en_US","og_type":"article","og_title":"AGB - Hotel &amp; Appartements Amelie no1 Landau","og_description":"ALLGEMEINE GESCH\u00c4FTSBEDINGUNGEN (AGB)&nbsp;DER Erste Hotelwerkstatt Betriebsgesellschaft mbH Stand Januar 2026 GELTUNGSBEREICH 1. Diese Gesch\u00e4ftsbedingungen gelten f\u00fcr Vertr\u00e4ge \u00fcber die mietweise \u00dcberlassung von Hotelzimmern zur Beherbergung, sowie alle f\u00fcr den Kunden erbrachten weiteren Leistungen und Lieferungen des Hotels.&nbsp; 2. Die Unter- oder Weitervermietung der \u00fcberlassenen Zimmer sowie deren Nutzung zu anderen als Beherbergungszwecken bed\u00fcrfen der vorherigen [&hellip;]","og_url":"https:\/\/amelie-landau.de\/en\/agb-2\/","og_site_name":"Hotel &amp; Appartements Amelie no1 Landau","article_modified_time":"2026-01-20T13:28:55+00:00","twitter_card":"summary_large_image","twitter_misc":{"Est. reading time":"10 minutes"},"schema":{"@context":"https:\/\/schema.org","@graph":[{"@type":"WebPage","@id":"https:\/\/amelie-landau.de\/en\/agb-2\/","url":"https:\/\/amelie-landau.de\/en\/agb-2\/","name":"AGB - Hotel &amp; Appartements Amelie no1 Landau","isPartOf":{"@id":"https:\/\/amelie-landau.de\/en\/#website"},"datePublished":"2020-02-27T09:59:10+00:00","dateModified":"2026-01-20T13:28:55+00:00","breadcrumb":{"@id":"https:\/\/amelie-landau.de\/en\/agb-2\/#breadcrumb"},"inLanguage":"en-US","potentialAction":[{"@type":"ReadAction","target":["https:\/\/amelie-landau.de\/en\/agb-2\/"]}]},{"@type":"BreadcrumbList","@id":"https:\/\/amelie-landau.de\/en\/agb-2\/#breadcrumb","itemListElement":[{"@type":"ListItem","position":1,"name":"Startseite","item":"https:\/\/amelie-landau.de\/en\/"},{"@type":"ListItem","position":2,"name":"AGB"}]},{"@type":"WebSite","@id":"https:\/\/amelie-landau.de\/en\/#website","url":"https:\/\/amelie-landau.de\/en\/","name":"Hotel &amp; Appartements Amelie no1 Landau","description":"Willkommen bei Hotel &amp; Appartements Amelie Landau! Erleben Sie pf\u00e4lzische Gastfreundschaft in ruhiger und zentraler Lage, in einem historischen Geb\u00e4ude mit modernem Flair.","publisher":{"@id":"https:\/\/amelie-landau.de\/en\/#organization"},"potentialAction":[{"@type":"SearchAction","target":{"@type":"EntryPoint","urlTemplate":"https:\/\/amelie-landau.de\/en\/?s={search_term_string}"},"query-input":{"@type":"PropertyValueSpecification","valueRequired":true,"valueName":"search_term_string"}}],"inLanguage":"en-US"},{"@type":"Organization","@id":"https:\/\/amelie-landau.de\/en\/#organization","name":"Hotel &amp; Appartements Amelie no1 Landau","url":"https:\/\/amelie-landau.de\/en\/","logo":{"@type":"ImageObject","inLanguage":"en-US","@id":"https:\/\/amelie-landau.de\/en\/#\/schema\/logo\/image\/","url":"https:\/\/amelie-landau.de\/wp-content\/uploads\/2020\/02\/cropped-Amelie_No1_Logo.png","contentUrl":"https:\/\/amelie-landau.de\/wp-content\/uploads\/2020\/02\/cropped-Amelie_No1_Logo.png","width":800,"height":484,"caption":"Hotel &amp; Appartements Amelie no1 Landau"},"image":{"@id":"https:\/\/amelie-landau.de\/en\/#\/schema\/logo\/image\/"}}]}},"_links":{"self":[{"href":"https:\/\/amelie-landau.de\/en\/wp-json\/wp\/v2\/pages\/775","targetHints":{"allow":["GET"]}}],"collection":[{"href":"https:\/\/amelie-landau.de\/en\/wp-json\/wp\/v2\/pages"}],"about":[{"href":"https:\/\/amelie-landau.de\/en\/wp-json\/wp\/v2\/types\/page"}],"author":[{"embeddable":true,"href":"https:\/\/amelie-landau.de\/en\/wp-json\/wp\/v2\/users\/1"}],"replies":[{"embeddable":true,"href":"https:\/\/amelie-landau.de\/en\/wp-json\/wp\/v2\/comments?post=775"}],"version-history":[{"count":1,"href":"https:\/\/amelie-landau.de\/en\/wp-json\/wp\/v2\/pages\/775\/revisions"}],"predecessor-version":[{"id":1098,"href":"https:\/\/amelie-landau.de\/en\/wp-json\/wp\/v2\/pages\/775\/revisions\/1098"}],"wp:attachment":[{"href":"https:\/\/amelie-landau.de\/en\/wp-json\/wp\/v2\/media?parent=775"}],"curies":[{"name":"wp","href":"https:\/\/api.w.org\/{rel}","templated":true}]}}